{"id":356,"date":"2013-11-19T09:44:12","date_gmt":"2013-11-19T08:44:12","guid":{"rendered":""},"modified":"2025-01-19T21:10:37","modified_gmt":"2025-01-19T20:10:37","slug":"mentions-legales","status":"publish","type":"page","link":"https:\/\/interfaces-solutions.fr\/?page_id=356","title":{"rendered":"Mentions l\u00e9gales et cr\u00e9dit photos"},"content":{"rendered":"<p>Ce site est \u00e9dit\u00e9 par la Soci\u00e9t\u00e9 INTERFACES SOLUTIONS (04 82 53 47 60)\u00a0 \u2013 SARL au capital de 5000 \u20ac &#8211; RCS Lyon : 491 600 144 \u2013 Code APE : 6202A \u2013 TVA intracommunautaire : FR28491600144 &#8211; Si\u00e8ge social : 1 cours Albert Thomas, 69003 Lyon.<\/p>\n<p>Directeur publication : R\u00e9my Lecuyer, g\u00e9rant d&rsquo;Interfaces Solutions.<\/p>\n<p>L&rsquo;h\u00e9bergement du site est assur\u00e9 par la soci\u00e9t\u00e9 OVH (1007), si\u00e8ge social : 2 rue Kellermann, 59100 Roubaix.<\/p>\n<p>Le contenu de ce site ne peut \u00eatre cit\u00e9 ou reproduit qu&rsquo;avec le consentement des auteurs et mention de la source.<\/p>\n<h3>Cr\u00e9dit photos<\/h3>\n<p>&#8211; <a href=\"http:\/\/interfaces-solutions.fr\/wp-content\/uploads\/2013\/11\/cc-logo.jpg\"><img loading=\"lazy\" decoding=\"async\" class=\"alignnone size-full wp-image-422\" src=\"http:\/\/interfaces-solutions.fr\/wp-content\/uploads\/2013\/11\/cc-logo.jpg\" alt=\"cc-logo\" width=\"15\" height=\"15\" \/><\/a> Louise Feige, <a title=\"Flickr\" href=\"https:\/\/secure.flickr.com\/photos\/miny-lou\/\" target=\"_blank\" rel=\"noopener noreferrer\">Flickr<\/a>, 2013.<br \/>\n&#8211; p|m, <a title=\"Flickr\" href=\"https:\/\/secure.flickr.com\/photos\/rumbles\/sets\/\" target=\"_blank\" rel=\"noopener noreferrer\">Flickr<\/a>, 2006.<br \/>\n&#8211; Olivier Mauchamp, <a title=\"www.oliviermauchamp.com\" href=\"http:\/\/www.oliviermauchamp.com\" target=\"_blank\" rel=\"noopener noreferrer\">www.oliviermauchamp.com<\/a>, 2012.<br \/>\n&#8211; ex-Club Photoshop Lyon, <a title=\"Flickr\" href=\"https:\/\/secure.flickr.com\/photos\/28857479@N03\/\" target=\"_blank\" rel=\"noopener noreferrer\">Flickr<\/a>, 2010.<br \/>\n&#8211; Florent Martinez, <a title=\"Flickr\" href=\"https:\/\/secure.flickr.com\/photos\/magic_snapshot\/\" target=\"_blank\" rel=\"noopener noreferrer\">Flickr<\/a>, 2013.<br \/>\n&#8211; La Fra&rsquo; Photography, <a title=\"Flickr\" href=\"http:\/\/www.flickr.com\/photos\/dolphingirl2006\/\" target=\"_blank\" rel=\"noopener noreferrer\">Flickr<\/a>, 2007.<br \/>\n&#8211; Moby, <a title=\"Flickr\" href=\"https:\/\/secure.flickr.com\/photos\/thelittleidiot\/\" target=\"_blank\" rel=\"noopener noreferrer\">Flickr<\/a>, 2013.<br \/>\n&#8211; Bruno Misseeuw, <a title=\"Flickr\" href=\"https:\/\/secure.flickr.com\/photos\/bruno_misseeuw\/\" target=\"_blank\" rel=\"noopener noreferrer\">Flickr<\/a>, 2010.<br \/>\n&#8211; <a href=\"http:\/\/interfaces-solutions.fr\/wp-content\/uploads\/2013\/11\/cc-logo.jpg\"><img loading=\"lazy\" decoding=\"async\" class=\"alignnone size-full wp-image-422\" src=\"http:\/\/interfaces-solutions.fr\/wp-content\/uploads\/2013\/11\/cc-logo.jpg\" alt=\"cc-logo\" width=\"15\" height=\"15\" \/><\/a> M Trombone, <a title=\"Flickr\" href=\"https:\/\/secure.flickr.com\/photos\/min0n\/sets\/\" target=\"_blank\" rel=\"noopener noreferrer\">Flickr<\/a>, 2011.<\/p>\n","protected":false},"excerpt":{"rendered":"<p>Ce site est \u00e9dit\u00e9 par la Soci\u00e9t\u00e9 INTERFACES SOLUTIONS (04 82 53 47 60)\u00a0 \u2013 SARL au capital de 5000 \u20ac &#8211; RCS Lyon : 491 600 144 \u2013 Code APE : 6202A \u2013 TVA intracommunautaire : FR28491600144 &#8211; Si\u00e8ge social : 1 cours Albert Thomas, 69003 Lyon. Directeur publication : R\u00e9my Lecuyer, g\u00e9rant d&rsquo;Interfaces<\/p>\n","protected":false},"author":3,"featured_media":0,"parent":0,"menu_order":0,"comment_status":"closed","ping_status":"open","template":"","meta":{"footnotes":""},"class_list":["post-356","page","type-page","status-publish","hentry"],"_links":{"self":[{"href":"https:\/\/interfaces-solutions.fr\/index.php?rest_route=\/wp\/v2\/pages\/356","targetHints":{"allow":["GET"]}}],"collection":[{"href":"https:\/\/interfaces-solutions.fr\/index.php?rest_route=\/wp\/v2\/pages"}],"about":[{"href":"https:\/\/interfaces-solutions.fr\/index.php?rest_route=\/wp\/v2\/types\/page"}],"author":[{"embeddable":true,"href":"https:\/\/interfaces-solutions.fr\/index.php?rest_route=\/wp\/v2\/users\/3"}],"replies":[{"embeddable":true,"href":"https:\/\/interfaces-solutions.fr\/index.php?rest_route=%2Fwp%2Fv2%2Fcomments&post=356"}],"version-history":[{"count":25,"href":"https:\/\/interfaces-solutions.fr\/index.php?rest_route=\/wp\/v2\/pages\/356\/revisions"}],"predecessor-version":[{"id":683,"href":"https:\/\/interfaces-solutions.fr\/index.php?rest_route=\/wp\/v2\/pages\/356\/revisions\/683"}],"wp:attachment":[{"href":"https:\/\/interfaces-solutions.fr\/index.php?rest_route=%2Fwp%2Fv2%2Fmedia&parent=356"}],"curies":[{"name":"wp","href":"https:\/\/api.w.org\/{rel}","templated":true}]}}